{"id":106,"date":"2025-09-29T16:59:33","date_gmt":"2025-09-29T19:59:33","guid":{"rendered":"https:\/\/petpaty.com.br\/?post_type=product&#038;p=106"},"modified":"2025-09-29T17:04:30","modified_gmt":"2025-09-29T20:04:30","slug":"shampoo-petlife-ouro","status":"publish","type":"product","link":"https:\/\/petpaty.com.br\/?product=shampoo-petlife-ouro","title":{"rendered":"Shampoo PetLife Ouro"},"content":{"rendered":"<p>O Shampoo Pet Life Ouro \u00e9 o \u00fanico cosm\u00e9tico veterin\u00e1rio no mundo com OURO 18 Kl na f\u00f3rmula para reposi\u00e7\u00e3o de prote\u00ednas, vitaminas e sais minerais. Com Queratina e Ceramida diminui os aspectos quebradi\u00e7os dos pelos e sela as pontas duplas, potencializando o brilho, hidratando e amaciando os pelos.<img decoding=\"async\" class=\"alignnone size-full wp-image-107\" src=\"https:\/\/petpaty.com.br\/wp-content\/uploads\/2025\/09\/shampoo-ouro-540ml.png\" alt=\"\" width=\"105\" height=\"256\" \/><\/p>\n","protected":false},"excerpt":{"rendered":"<p>O Shampoo Pet Life Ouro \u00e9 o \u00fanico cosm\u00e9tico veterin\u00e1rio no mundo com OURO 18 Kl na f\u00f3rmula para reposi\u00e7\u00e3o de prote\u00ednas, vitaminas e sais minerais. Com Queratina e Ceramida diminui os aspectos quebradi\u00e7os dos pelos e sela as pontas duplas, potencializando o brilho, hidratando e amaciando os pelos.<\/p>\n","protected":false},"featured_media":107,"comment_status":"open","ping_status":"closed","template":"","meta":[],"product_brand":[],"product_cat":[15],"product_tag":[],"class_list":{"0":"post-106","1":"product","2":"type-product","3":"status-publish","4":"has-post-thumbnail","6":"product_cat-uncategorized","8":"first","9":"instock","10":"sale","11":"shipping-taxable","12":"purchasable","13":"product-type-simple"},"_links":{"self":[{"href":"https:\/\/petpaty.com.br\/index.php?rest_route=\/wp\/v2\/product\/106","targetHints":{"allow":["GET"]}}],"collection":[{"href":"https:\/\/petpaty.com.br\/index.php?rest_route=\/wp\/v2\/product"}],"about":[{"href":"https:\/\/petpaty.com.br\/index.php?rest_route=\/wp\/v2\/types\/product"}],"replies":[{"embeddable":true,"href":"https:\/\/petpaty.com.br\/index.php?rest_route=%2Fwp%2Fv2%2Fcomments&post=106"}],"wp:featuredmedia":[{"embeddable":true,"href":"https:\/\/petpaty.com.br\/index.php?rest_route=\/wp\/v2\/media\/107"}],"wp:attachment":[{"href":"https:\/\/petpaty.com.br\/index.php?rest_route=%2Fwp%2Fv2%2Fmedia&parent=106"}],"wp:term":[{"taxonomy":"product_brand","embeddable":true,"href":"https:\/\/petpaty.com.br\/index.php?rest_route=%2Fwp%2Fv2%2Fproduct_brand&post=106"},{"taxonomy":"product_cat","embeddable":true,"href":"https:\/\/petpaty.com.br\/index.php?rest_route=%2Fwp%2Fv2%2Fproduct_cat&post=106"},{"taxonomy":"product_tag","embeddable":true,"href":"https:\/\/petpaty.com.br\/index.php?rest_route=%2Fwp%2Fv2%2Fproduct_tag&post=106"}],"curies":[{"name":"wp","href":"https:\/\/api.w.org\/{rel}","templated":true}]}}